{"id":2112,"date":"2022-03-18T09:05:38","date_gmt":"2022-03-18T09:05:38","guid":{"rendered":"https:\/\/moparking.ba\/?page_id=2112"},"modified":"2022-06-14T08:34:42","modified_gmt":"2022-06-14T08:34:42","slug":"opci-uvjeti-kupnje-i-placanja-parkiralisnih-karata-putem-mobilne-aplikacije","status":"publish","type":"page","link":"https:\/\/moparking.ba\/sr\/opci-uvjeti-kupnje-i-placanja-parkiralisnih-karata-putem-mobilne-aplikacije\/","title":{"rendered":"OP\u0106I UVJETI KUPNJE I PLA\u0106ANJA PARKIRALI\u0160NIH KARATA PUTEM MOBILNE APLIKACIJE I ONLINE OBRASCA"},"content":{"rendered":"<p>1. OP\u0106E ODREDBE<\/p>\n\n\n\n<p>JP \u201eMostar Parking\u201c d.o.o. Mostar (dalje u tekstu: Mostar Parking) ovim uvjetima (dalje u tekstu: Op\u0107i uvjeti kupnje i pla\u0107anja putem mobilne aplikacije) ure\u0111uje postupak kupnje satnih i vi\u0161esatnih parkirali\u0161nih karata, dnevnih parking karata (dalje u tekstu:DPK) i povla\u0161tenih parkirali\u0161nih karata (dalje\u00a0u tekstu: PPK). Pri svakoj kupnji putem mobilne aplikacije ili online obrasca kupac pristaje na ovdje navedene Op\u0107e uvjete kupnje i pla\u0107anja putem mobilne aplikacije. Kupac je svaka osoba koja preko vlastitog korisni\u010dkog ra\u010duna ostvari barem jednu kupnju putem mobilne aplikacije ili online obrasca. Registrirani korisnik je korisnik koji je preuzeo aplikaciju s odgovaraju\u0107e internet trgovine (Google Play za Android, App Store za iOS), instalirao ju na mobilni ure\u0111aj i pro\u0161ao proces registracije i aktivacije same aplikacije. Kupcu \u0107e sustav ponuditi kupnju satne i vi\u0161esatne parkirali\u0161ne karte, DPK i PPK\u00a0sukladno Odluci o na\u010dinu organizovanja, upravljanja i kori\u0161tenja javnih parkirali\u0161ta na podru\u010dju Grada Mostara (Slu\u017ebeni glasnik Grada Mostara, broj 26\/21, dalje u tekstu: Odluka). Kupcu \u0107e sustav ponuditi produ\u017eivanje one PPK na koju ostvaruje pravo sukladno Odluci i Pravilniku i za koju ima va\u017ee\u0107u autorizaciju. Kupcu \u0107e sustav ponuditi kupnju i pla\u0107anje izdane DPK\u00a0sukladno Odluci. Sustav ne omogu\u0107uje kupnju karte unaprijed, niti pla\u0107anje DPK koje su pre\u0161le u status ra\u010duna, odnosno za koje su ve\u0107 izdani ra\u010duni.<\/p>\n\n\n\n<p>2. POSTUPAK REGISTRACIJE<\/p>\n\n\n\n<p>Nakon besplatnog preuzimanja aplikacije s odgovaraju\u0107e internet trgovine (Google Play za Android, App Store za iOS) i njene instalacije na mobilni ure\u0111aj, korisnik treba pro\u0107i proces registracije i aktivacije same aplikacije. Kako bi se mogao prijaviti u mobilnu aplikaciju i koristiti uslugama, korisnik se prvo treba registrirati u sustav. Registracija se mo\u017ee napraviti kroz mobilnu aplikaciju. Da bi se korisnik registrirao potrebno je u ponu\u0111ena polja upisati broj svojeg telefona te nakon toga izvr\u0161iti potvrdu ikonom \u201eregistracija\u201c. Nakon obavljene registracije korisniku dolazi potvrda SMS-om za aktivaciju korisni\u010dkog &nbsp;ra\u010duna. Aktivacijom potvrde iz SMS-a korisnik otvara vlastiti korisni\u010dki ra\u010dun.<\/p>\n\n\n\n<p>3. POSTUPAK KUPNJE SATNE I VI\u0160ESATNE PARKIRALI\u0160NE KARTE<\/p>\n\n\n\n<p>Na glavnom ekranu aplikacije korisniku se nude odgovaraju\u0107e opcije za kupnju parkirali\u0161nih karata na javnim parkirali\u0161tima. Za kupnju parkirali\u0161ne karte korisnik treba odabrati zonu ili parking s posebnim uvjetima i vrijeme parkiranja (broj sati), odabrati vozilo za koje se kupuje parkirali\u0161na karta te izvr\u0161iti potvrdu odabirom ikone \u201ePlati SMS-om\u201c ili \u201ePlati Karticom\u201c.<\/p>\n\n\n\n<p>4. POSTUPAK PRODU\u017dIVANJA POVLA\u0160TENE PARKIRALI\u0160NE KARTE<\/p>\n\n\n\n<p>Da bi registrirani korisnik produ\u017eio PPK potrebno je prethodno pro\u0107i postupak kupovine PPK u prostorijama Mostar Parkinga. Registrirani korisnik s va\u017ee\u0107om autorizacijom registrira se u aplikaciju s onog telefonskog broja kojeg je podnio prilikom kupovine PPK u prostorijama Mostar Parkinga. Mostar Parking zadr\u017eava pravo ponavljanja postupka provjere uskla\u0111enosti podataka ukoliko je ista potrebna.<\/p>\n\n\n\n<p>5. POSTUPAK KUPNJE\/PLA\u0106ANJA<\/p>\n\n\n\n<p>Registriranom korisniku \u0107e se prilikom aktivacije zahtjeva za satne i vi\u0161esatne parkirali\u0161ne karte ponuditi one koje su propisane Odlukom. Registriranom korisniku \u0107e se prilikom zahtjeva za produ\u017eivanja PPK ponuditi samo ona PPK na koju, temeljem Odluke, ima pravo. Registriranom korisniku \u0107e se prilikom aktivacije zahtjeva za kupnju DPK ponuditi samo one DPK koje su propisane Odlukom. Kupljena parkirali\u0161na karta vrijedi za razdoblje za koje je zatra\u017eena. Satne i vi\u0161esatne parkirali\u0161ne karte za pojedinu zonu mogu se kupiti za vrijeme za koje je zatra\u017eeno, a sukladno Odluci. Sustav dozvoljava kupnju vi\u0161e PPK za razdoblja unaprijed, ali najdu\u017ee za vremensko razdoblje od 1 mjeseci unaprijed. Postupak kupnje satne, vi\u0161esatne parkirali\u0161ne karte, PPK putem mobilne aplikacije u cijelosti je opisan&nbsp;na internet stanici www.moparking.ba .<\/p>\n\n\n\n<p>6. NA\u010cINI PLA\u0106ANJA<\/p>\n\n\n\n<p>Pla\u0107anje parkirali\u0161nih karata putem mobilne aplikacije mogu\u0107e je SMS-om ili bankovnim karticama.<\/p>\n\n\n\n<p>7. ZA\u0160TITA, PRIVATNOST I SIGURNOST PODATAKA<\/p>\n\n\n\n<p>Osobni podaci iz zahtijevane kupnje prikupljaju se, obra\u0111uju i koriste u skladu s odredbama va\u017ee\u0107ih zakona u FBiH i isklju\u010divo u svrhu propisanu ovim Op\u0107im uvjetima. U slu\u010daju kupnje putem mobilne aplikacije osobni podaci \u0161tite se sigurnom on-line vezom (SSL certifikatom). Osobni podaci bit \u0107e kori\u0161teni isklju\u010divo u svrhu ostvarivanja prava na kupnju satne, vi\u0161esatne parkirali\u0161ne karte, PPK, te se u druge svrhe ne\u0107e koristiti.<\/p>\n\n\n\n<p>8. OSTALO<\/p>\n\n\n\n<p>Mostar Parking ne jam\u010di da \u0107e svi moduli kupnje putem mobilne aplikacije biti raspolo\u017eivi u svakom trenutku. Ova usluga koju Mostar Parking pru\u017ea u okviru kupnje putem mobilne aplikacije ne uklju\u010duje tro\u0161kove koje posjetitelji stranice snose koriste\u0107i mobilne ure\u0111aje i usluge za pristup mobilnoj aplikaciji kao ni tro\u0161kove transakcije. Mostar Parking nije odgovoran za tro\u0161kove u elektroni\u010dkom komunikacijskom prometu, internet prometu ili bilo koje druge tro\u0161kove do kojih mo\u017ee do\u0107i, niti snosi odgovornost za bilo koju \u0161tetu koja bi mogla nastati zbog prekida internetske veze prilikom kori\u0161tenja ove usluge. Ukoliko do\u0111e do bilo kakve pogre\u0161ke prilikom postupka kupnje, Kupac se mo\u017ee obratiti prijavom na e-mail info@moparking.ba kako bi ista bila otklonjena na najbr\u017ei mogu\u0107i na\u010din. Eventualne sporove proiza\u0161le iz ovih odredbi poku\u0161ati \u0107e se rije\u0161iti mirnim putem, a u slu\u010daju spora nadle\u017ean je sud u Mostaru. Mostar Parking zadr\u017eava pravo, bez prethodne najave, promijeniti ove Op\u0107e uvjete te sadr\u017eaj na internet stranici www.moparking.ba o \u010demu \u0107e Korisnici biti obavije\u0161teni na vrijeme i na odgovaraju\u0107i na\u010din.<\/p>\n\n\n\n<p>Izmjene Op\u0107ih uvjeta stupaju na snagu s datumom njihove objave.<\/p>\n\n\n\n<p>U Mostaru, 7.2.2022. godine<\/p>","protected":false},"excerpt":{"rendered":"<p>1. OP\u0106E ODREDBE JP \u201eMostar Parking\u201c d.o.o. Mostar (dalje u tekstu: Mostar Parking) ovim uvjetima (dalje u tekstu: Op\u0107i uvjeti kupnje i pla\u0107anja putem mobilne aplikacije) ure\u0111uje postupak kupnje satnih i vi\u0161esatnih parkirali\u0161nih karata, dnevnih parking karata (dalje u tekstu:DPK) i povla\u0161tenih parkirali\u0161nih karata (dalje\u00a0u tekstu: PPK). Pri svakoj kupnji putem mobilne aplikacije ili online<\/p>","protected":false},"author":1,"featured_media":0,"parent":0,"menu_order":0,"comment_status":"closed","ping_status":"closed","template":"","meta":{"_uag_custom_page_level_css":"","site-sidebar-layout":"","site-content-layout":"","ast-main-header-display":"","ast-hfb-above-header-display":"","ast-hfb-below-header-display":"","ast-hfb-mobile-header-display":"","site-post-title":"","ast-breadcrumbs-content":"","ast-featured-img":"","footer-sml-layout":"","theme-transparent-header-meta":"","adv-header-id-meta":"","stick-header-meta":"","header-above-stick-meta":"","header-main-stick-meta":"","header-below-stick-meta":"","footnotes":""},"class_list":["post-2112","page","type-page","status-publish","hentry"],"yoast_head":"<!-- This site is optimized with the Yoast SEO plugin v18.9 - https:\/\/yoast.com\/wordpress\/plugins\/seo\/ -->\n<title>OP\u0106I UVJETI KUPNJE I PLA\u0106ANJA PARKIRALI\u0160NIH KARATA PUTEM MOBILNE APLIKACIJE I ONLINE OBRASCA - JP &quot;MOSTAR PARKING&quot; d.o.o. Mostar<\/title>\n<meta name=\"robots\" content=\"noindex, nofollow\" \/>\n<meta property=\"og:locale\" content=\"sr_RS\" \/>\n<meta property=\"og:type\" content=\"article\" \/>\n<meta property=\"og:title\" content=\"OP\u0106I UVJETI KUPNJE I PLA\u0106ANJA PARKIRALI\u0160NIH KARATA PUTEM MOBILNE APLIKACIJE I ONLINE OBRASCA - JP &quot;MOSTAR PARKING&quot; d.o.o. Mostar\" \/>\n<meta property=\"og:description\" content=\"1. OP\u0106E ODREDBE JP \u201eMostar Parking\u201c d.o.o. Mostar (dalje u tekstu: Mostar Parking) ovim uvjetima (dalje u tekstu: Op\u0107i uvjeti kupnje i pla\u0107anja putem mobilne aplikacije) ure\u0111uje postupak kupnje satnih i vi\u0161esatnih parkirali\u0161nih karata, dnevnih parking karata (dalje u tekstu:DPK) i povla\u0161tenih parkirali\u0161nih karata (dalje\u00a0u tekstu: PPK). Pri svakoj kupnji putem mobilne aplikacije ili online\" \/>\n<meta property=\"og:url\" content=\"https:\/\/moparking.ba\/sr\/opci-uvjeti-kupnje-i-placanja-parkiralisnih-karata-putem-mobilne-aplikacije\/\" \/>\n<meta property=\"og:site_name\" content=\"JP &quot;MOSTAR PARKING&quot; d.o.o. Mostar\" \/>\n<meta property=\"article:modified_time\" content=\"2022-06-14T08:34:42+00:00\" \/>\n<meta name=\"twitter:card\" content=\"summary_large_image\" \/>\n<meta name=\"twitter:label1\" content=\"\u041f\u0440\u043e\u0446\u0435\u045a\u0435\u043d\u043e \u0432\u0440\u0435\u043c\u0435 \u0447\u0438\u0442\u0430\u045a\u0430\" \/>\n\t<meta name=\"twitter:data1\" content=\"4 \u043c\u0438\u043d\u0443\u0442\u0430\" \/>\n<script type=\"application\/ld+json\" class=\"yoast-schema-graph\">{\"@context\":\"https:\/\/schema.org\",\"@graph\":[{\"@type\":\"WebSite\",\"@id\":\"https:\/\/moparking.ba\/#website\",\"url\":\"https:\/\/moparking.ba\/\",\"name\":\"JP &quot;MOSTAR PARKING&quot; d.o.o. Mostar\",\"description\":\"\",\"potentialAction\":[{\"@type\":\"SearchAction\",\"target\":{\"@type\":\"EntryPoint\",\"urlTemplate\":\"https:\/\/moparking.ba\/?s={search_term_string}\"},\"query-input\":\"required name=search_term_string\"}],\"inLanguage\":\"sr-RS\"},{\"@type\":\"WebPage\",\"@id\":\"https:\/\/moparking.ba\/opci-uvjeti-kupnje-i-placanja-parkiralisnih-karata-putem-mobilne-aplikacije\/#webpage\",\"url\":\"https:\/\/moparking.ba\/opci-uvjeti-kupnje-i-placanja-parkiralisnih-karata-putem-mobilne-aplikacije\/\",\"name\":\"OP\u0106I UVJETI KUPNJE I PLA\u0106ANJA PARKIRALI\u0160NIH KARATA PUTEM MOBILNE APLIKACIJE I ONLINE OBRASCA - JP &quot;MOSTAR PARKING&quot; d.o.o. Mostar\",\"isPartOf\":{\"@id\":\"https:\/\/moparking.ba\/#website\"},\"datePublished\":\"2022-03-18T09:05:38+00:00\",\"dateModified\":\"2022-06-14T08:34:42+00:00\",\"breadcrumb\":{\"@id\":\"https:\/\/moparking.ba\/opci-uvjeti-kupnje-i-placanja-parkiralisnih-karata-putem-mobilne-aplikacije\/#breadcrumb\"},\"inLanguage\":\"sr-RS\",\"potentialAction\":[{\"@type\":\"ReadAction\",\"target\":[\"https:\/\/moparking.ba\/opci-uvjeti-kupnje-i-placanja-parkiralisnih-karata-putem-mobilne-aplikacije\/\"]}]},{\"@type\":\"BreadcrumbList\",\"@id\":\"https:\/\/moparking.ba\/opci-uvjeti-kupnje-i-placanja-parkiralisnih-karata-putem-mobilne-aplikacije\/#breadcrumb\",\"itemListElement\":[{\"@type\":\"ListItem\",\"position\":1,\"name\":\"Home\",\"item\":\"https:\/\/moparking.ba\/\"},{\"@type\":\"ListItem\",\"position\":2,\"name\":\"OP\u0106I UVJETI KUPNJE I PLA\u0106ANJA PARKIRALI\u0160NIH KARATA PUTEM MOBILNE APLIKACIJE I ONLINE OBRASCA\"}]}]}<\/script>\n<!-- \/ Yoast SEO plugin. -->","yoast_head_json":{"title":"OP\u0106I UVJETI KUPNJE I PLA\u0106ANJA PARKIRALI\u0160NIH KARATA PUTEM MOBILNE APLIKACIJE I ONLINE OBRASCA - JP &quot;MOSTAR PARKING&quot; d.o.o. Mostar","robots":{"index":"noindex","follow":"nofollow"},"og_locale":"sr_RS","og_type":"article","og_title":"OP\u0106I UVJETI KUPNJE I PLA\u0106ANJA PARKIRALI\u0160NIH KARATA PUTEM MOBILNE APLIKACIJE I ONLINE OBRASCA - JP &quot;MOSTAR PARKING&quot; d.o.o. Mostar","og_description":"1. OP\u0106E ODREDBE JP \u201eMostar Parking\u201c d.o.o. Mostar (dalje u tekstu: Mostar Parking) ovim uvjetima (dalje u tekstu: Op\u0107i uvjeti kupnje i pla\u0107anja putem mobilne aplikacije) ure\u0111uje postupak kupnje satnih i vi\u0161esatnih parkirali\u0161nih karata, dnevnih parking karata (dalje u tekstu:DPK) i povla\u0161tenih parkirali\u0161nih karata (dalje\u00a0u tekstu: PPK). Pri svakoj kupnji putem mobilne aplikacije ili online","og_url":"https:\/\/moparking.ba\/sr\/opci-uvjeti-kupnje-i-placanja-parkiralisnih-karata-putem-mobilne-aplikacije\/","og_site_name":"JP &quot;MOSTAR PARKING&quot; d.o.o. Mostar","article_modified_time":"2022-06-14T08:34:42+00:00","twitter_card":"summary_large_image","twitter_misc":{"\u041f\u0440\u043e\u0446\u0435\u045a\u0435\u043d\u043e \u0432\u0440\u0435\u043c\u0435 \u0447\u0438\u0442\u0430\u045a\u0430":"4 \u043c\u0438\u043d\u0443\u0442\u0430"},"schema":{"@context":"https:\/\/schema.org","@graph":[{"@type":"WebSite","@id":"https:\/\/moparking.ba\/#website","url":"https:\/\/moparking.ba\/","name":"JP &quot;MOSTAR PARKING&quot; d.o.o. Mostar","description":"","potentialAction":[{"@type":"SearchAction","target":{"@type":"EntryPoint","urlTemplate":"https:\/\/moparking.ba\/?s={search_term_string}"},"query-input":"required name=search_term_string"}],"inLanguage":"sr-RS"},{"@type":"WebPage","@id":"https:\/\/moparking.ba\/opci-uvjeti-kupnje-i-placanja-parkiralisnih-karata-putem-mobilne-aplikacije\/#webpage","url":"https:\/\/moparking.ba\/opci-uvjeti-kupnje-i-placanja-parkiralisnih-karata-putem-mobilne-aplikacije\/","name":"OP\u0106I UVJETI KUPNJE I PLA\u0106ANJA PARKIRALI\u0160NIH KARATA PUTEM MOBILNE APLIKACIJE I ONLINE OBRASCA - JP &quot;MOSTAR PARKING&quot; d.o.o. Mostar","isPartOf":{"@id":"https:\/\/moparking.ba\/#website"},"datePublished":"2022-03-18T09:05:38+00:00","dateModified":"2022-06-14T08:34:42+00:00","breadcrumb":{"@id":"https:\/\/moparking.ba\/opci-uvjeti-kupnje-i-placanja-parkiralisnih-karata-putem-mobilne-aplikacije\/#breadcrumb"},"inLanguage":"sr-RS","potentialAction":[{"@type":"ReadAction","target":["https:\/\/moparking.ba\/opci-uvjeti-kupnje-i-placanja-parkiralisnih-karata-putem-mobilne-aplikacije\/"]}]},{"@type":"BreadcrumbList","@id":"https:\/\/moparking.ba\/opci-uvjeti-kupnje-i-placanja-parkiralisnih-karata-putem-mobilne-aplikacije\/#breadcrumb","itemListElement":[{"@type":"ListItem","position":1,"name":"Home","item":"https:\/\/moparking.ba\/"},{"@type":"ListItem","position":2,"name":"OP\u0106I UVJETI KUPNJE I PLA\u0106ANJA PARKIRALI\u0160NIH KARATA PUTEM MOBILNE APLIKACIJE I ONLINE OBRASCA"}]}]}},"uagb_featured_image_src":{"full":false,"thumbnail":false,"medium":false,"medium_large":false,"large":false,"post-slider-thumb-size":false,"post-category-slider-size":false,"1536x1536":false,"2048x2048":false,"trp-custom-language-flag":false,"ultp_layout_landscape_large":false,"ultp_layout_landscape":false,"ultp_layout_portrait":false,"ultp_layout_square":false},"uagb_author_info":{"display_name":"Administrator","author_link":"https:\/\/moparking.ba\/sr\/author\/admin\/"},"uagb_comment_info":0,"uagb_excerpt":"1. OP\u0106E ODREDBE JP \u201eMostar Parking\u201c d.o.o. Mostar (dalje u tekstu: Mostar Parking) ovim uvjetima (dalje u tekstu: Op\u0107i uvjeti kupnje i pla\u0107anja putem mobilne aplikacije) ure\u0111uje postupak kupnje satnih i vi\u0161esatnih parkirali\u0161nih karata, dnevnih parking karata (dalje u tekstu:DPK) i povla\u0161tenih parkirali\u0161nih karata (dalje\u00a0u tekstu: PPK). Pri svakoj kupnji putem mobilne aplikacije ili online","_links":{"self":[{"href":"https:\/\/moparking.ba\/sr\/wp-json\/wp\/v2\/pages\/2112","targetHints":{"allow":["GET"]}}],"collection":[{"href":"https:\/\/moparking.ba\/sr\/wp-json\/wp\/v2\/pages"}],"about":[{"href":"https:\/\/moparking.ba\/sr\/wp-json\/wp\/v2\/types\/page"}],"author":[{"embeddable":true,"href":"https:\/\/moparking.ba\/sr\/wp-json\/wp\/v2\/users\/1"}],"replies":[{"embeddable":true,"href":"https:\/\/moparking.ba\/sr\/wp-json\/wp\/v2\/comments?post=2112"}],"version-history":[{"count":4,"href":"https:\/\/moparking.ba\/sr\/wp-json\/wp\/v2\/pages\/2112\/revisions"}],"predecessor-version":[{"id":2261,"href":"https:\/\/moparking.ba\/sr\/wp-json\/wp\/v2\/pages\/2112\/revisions\/2261"}],"wp:attachment":[{"href":"https:\/\/moparking.ba\/sr\/wp-json\/wp\/v2\/media?parent=2112"}],"curies":[{"name":"wp","href":"https:\/\/api.w.org\/{rel}","templated":true}]}}