{"id":1866,"date":"2022-02-10T16:48:16","date_gmt":"2022-02-10T16:48:16","guid":{"rendered":"https:\/\/moparking.ba\/?page_id=1866"},"modified":"2022-02-10T16:48:20","modified_gmt":"2022-02-10T16:48:20","slug":"izjava-o-privatnosti","status":"publish","type":"page","link":"https:\/\/moparking.ba\/bs\/izjava-o-privatnosti\/","title":{"rendered":"Izjava o privatnosti"},"content":{"rendered":"<p>Obavezujemo se pru\u017eati za\u0161titu privatnim podacima korisnika, na na\u010din da prikupljamo samo nu\u017ene, osnovne podatke o kupcima \/ korisnicima koji su neophodni za ispunjenje na\u0161ih obaveza; informiramo kupce o na\u010dinu kori\u0161tenja prikupljenih podataka, redovno dajemo kupcima mogu\u0107nost izbora o upotrebi njihovih podataka, uklju\u010duju\u0107i mogu\u0107nost odluke \u017eele li ili ne da se njihovo ime ukloni sa lista koje se koriste za marketin\u0161ke kampanje.<\/p>\n\n\n\n<p>Svi podaci o korisnicima se strogo \u010duvaju i dostupni su samo zaposlenima kojima su ti podaci nu\u017eni za obavljanje posla. Svi na\u0161i zaposleni i poslovni partneri odgovorni su za po\u0161tovanje na\u010dela za\u0161tite privatnosti.<\/p>","protected":false},"excerpt":{"rendered":"<p>Obavezujemo se pru\u017eati za\u0161titu privatnim podacima korisnika, na na\u010din da prikupljamo samo nu\u017ene, osnovne podatke o kupcima \/ korisnicima koji su neophodni za ispunjenje na\u0161ih obaveza; informiramo kupce o na\u010dinu kori\u0161tenja prikupljenih podataka, redovno dajemo kupcima mogu\u0107nost izbora o upotrebi njihovih podataka, uklju\u010duju\u0107i mogu\u0107nost odluke \u017eele li ili ne da se njihovo ime ukloni sa<\/p>","protected":false},"author":1,"featured_media":0,"parent":0,"menu_order":0,"comment_status":"closed","ping_status":"closed","template":"","meta":{"_uag_custom_page_level_css":"","site-sidebar-layout":"","site-content-layout":"","ast-main-header-display":"","ast-hfb-above-header-display":"","ast-hfb-below-header-display":"","ast-hfb-mobile-header-display":"","site-post-title":"","ast-breadcrumbs-content":"","ast-featured-img":"","footer-sml-layout":"","theme-transparent-header-meta":"","adv-header-id-meta":"","stick-header-meta":"","header-above-stick-meta":"","header-main-stick-meta":"","header-below-stick-meta":"","footnotes":""},"class_list":["post-1866","page","type-page","status-publish","hentry"],"yoast_head":"<!-- This site is optimized with the Yoast SEO plugin v18.9 - https:\/\/yoast.com\/wordpress\/plugins\/seo\/ -->\n<title>Izjava o privatnosti - JP &quot;MOSTAR PARKING&quot; d.o.o. Mostar<\/title>\n<meta name=\"robots\" content=\"index, follow, max-snippet:-1, max-image-preview:large, max-video-preview:-1\" \/>\n<link rel=\"canonical\" href=\"https:\/\/moparking.ba\/bs\/izjava-o-privatnosti\/\" \/>\n<meta property=\"og:locale\" content=\"bs_BA\" \/>\n<meta property=\"og:type\" content=\"article\" \/>\n<meta property=\"og:title\" content=\"Izjava o privatnosti - JP &quot;MOSTAR PARKING&quot; d.o.o. Mostar\" \/>\n<meta property=\"og:description\" content=\"Obavezujemo se pru\u017eati za\u0161titu privatnim podacima korisnika, na na\u010din da prikupljamo samo nu\u017ene, osnovne podatke o kupcima \/ korisnicima koji su neophodni za ispunjenje na\u0161ih obaveza; informiramo kupce o na\u010dinu kori\u0161tenja prikupljenih podataka, redovno dajemo kupcima mogu\u0107nost izbora o upotrebi njihovih podataka, uklju\u010duju\u0107i mogu\u0107nost odluke \u017eele li ili ne da se njihovo ime ukloni sa\" \/>\n<meta property=\"og:url\" content=\"https:\/\/moparking.ba\/bs\/izjava-o-privatnosti\/\" \/>\n<meta property=\"og:site_name\" content=\"JP &quot;MOSTAR PARKING&quot; d.o.o. Mostar\" \/>\n<meta property=\"article:modified_time\" content=\"2022-02-10T16:48:20+00:00\" \/>\n<meta name=\"twitter:card\" content=\"summary_large_image\" \/>\n<meta name=\"twitter:label1\" content=\"Est. reading time\" \/>\n\t<meta name=\"twitter:data1\" content=\"1 minuta\" \/>\n<script type=\"application\/ld+json\" class=\"yoast-schema-graph\">{\"@context\":\"https:\/\/schema.org\",\"@graph\":[{\"@type\":\"WebSite\",\"@id\":\"https:\/\/moparking.ba\/#website\",\"url\":\"https:\/\/moparking.ba\/\",\"name\":\"JP &quot;MOSTAR PARKING&quot; d.o.o. Mostar\",\"description\":\"\",\"potentialAction\":[{\"@type\":\"SearchAction\",\"target\":{\"@type\":\"EntryPoint\",\"urlTemplate\":\"https:\/\/moparking.ba\/?s={search_term_string}\"},\"query-input\":\"required name=search_term_string\"}],\"inLanguage\":\"bs-BA\"},{\"@type\":\"WebPage\",\"@id\":\"https:\/\/moparking.ba\/izjava-o-privatnosti\/#webpage\",\"url\":\"https:\/\/moparking.ba\/izjava-o-privatnosti\/\",\"name\":\"Izjava o privatnosti - JP &quot;MOSTAR PARKING&quot; d.o.o. Mostar\",\"isPartOf\":{\"@id\":\"https:\/\/moparking.ba\/#website\"},\"datePublished\":\"2022-02-10T16:48:16+00:00\",\"dateModified\":\"2022-02-10T16:48:20+00:00\",\"breadcrumb\":{\"@id\":\"https:\/\/moparking.ba\/izjava-o-privatnosti\/#breadcrumb\"},\"inLanguage\":\"bs-BA\",\"potentialAction\":[{\"@type\":\"ReadAction\",\"target\":[\"https:\/\/moparking.ba\/izjava-o-privatnosti\/\"]}]},{\"@type\":\"BreadcrumbList\",\"@id\":\"https:\/\/moparking.ba\/izjava-o-privatnosti\/#breadcrumb\",\"itemListElement\":[{\"@type\":\"ListItem\",\"position\":1,\"name\":\"Home\",\"item\":\"https:\/\/moparking.ba\/\"},{\"@type\":\"ListItem\",\"position\":2,\"name\":\"Izjava o privatnosti\"}]}]}<\/script>\n<!-- \/ Yoast SEO plugin. -->","yoast_head_json":{"title":"Izjava o privatnosti - JP &quot;MOSTAR PARKING&quot; d.o.o. Mostar","robots":{"index":"index","follow":"follow","max-snippet":"max-snippet:-1","max-image-preview":"max-image-preview:large","max-video-preview":"max-video-preview:-1"},"canonical":"https:\/\/moparking.ba\/bs\/izjava-o-privatnosti\/","og_locale":"bs_BA","og_type":"article","og_title":"Izjava o privatnosti - JP &quot;MOSTAR PARKING&quot; d.o.o. Mostar","og_description":"Obavezujemo se pru\u017eati za\u0161titu privatnim podacima korisnika, na na\u010din da prikupljamo samo nu\u017ene, osnovne podatke o kupcima \/ korisnicima koji su neophodni za ispunjenje na\u0161ih obaveza; informiramo kupce o na\u010dinu kori\u0161tenja prikupljenih podataka, redovno dajemo kupcima mogu\u0107nost izbora o upotrebi njihovih podataka, uklju\u010duju\u0107i mogu\u0107nost odluke \u017eele li ili ne da se njihovo ime ukloni sa","og_url":"https:\/\/moparking.ba\/bs\/izjava-o-privatnosti\/","og_site_name":"JP &quot;MOSTAR PARKING&quot; d.o.o. Mostar","article_modified_time":"2022-02-10T16:48:20+00:00","twitter_card":"summary_large_image","twitter_misc":{"Est. reading time":"1 minuta"},"schema":{"@context":"https:\/\/schema.org","@graph":[{"@type":"WebSite","@id":"https:\/\/moparking.ba\/#website","url":"https:\/\/moparking.ba\/","name":"JP &quot;MOSTAR PARKING&quot; d.o.o. Mostar","description":"","potentialAction":[{"@type":"SearchAction","target":{"@type":"EntryPoint","urlTemplate":"https:\/\/moparking.ba\/?s={search_term_string}"},"query-input":"required name=search_term_string"}],"inLanguage":"bs-BA"},{"@type":"WebPage","@id":"https:\/\/moparking.ba\/izjava-o-privatnosti\/#webpage","url":"https:\/\/moparking.ba\/izjava-o-privatnosti\/","name":"Izjava o privatnosti - JP &quot;MOSTAR PARKING&quot; d.o.o. Mostar","isPartOf":{"@id":"https:\/\/moparking.ba\/#website"},"datePublished":"2022-02-10T16:48:16+00:00","dateModified":"2022-02-10T16:48:20+00:00","breadcrumb":{"@id":"https:\/\/moparking.ba\/izjava-o-privatnosti\/#breadcrumb"},"inLanguage":"bs-BA","potentialAction":[{"@type":"ReadAction","target":["https:\/\/moparking.ba\/izjava-o-privatnosti\/"]}]},{"@type":"BreadcrumbList","@id":"https:\/\/moparking.ba\/izjava-o-privatnosti\/#breadcrumb","itemListElement":[{"@type":"ListItem","position":1,"name":"Home","item":"https:\/\/moparking.ba\/"},{"@type":"ListItem","position":2,"name":"Izjava o privatnosti"}]}]}},"uagb_featured_image_src":{"full":false,"thumbnail":false,"medium":false,"medium_large":false,"large":false,"post-slider-thumb-size":false,"post-category-slider-size":false,"1536x1536":false,"2048x2048":false,"trp-custom-language-flag":false,"ultp_layout_landscape_large":false,"ultp_layout_landscape":false,"ultp_layout_portrait":false,"ultp_layout_square":false},"uagb_author_info":{"display_name":"Administrator","author_link":"https:\/\/moparking.ba\/bs\/author\/admin\/"},"uagb_comment_info":0,"uagb_excerpt":"Obavezujemo se pru\u017eati za\u0161titu privatnim podacima korisnika, na na\u010din da prikupljamo samo nu\u017ene, osnovne podatke o kupcima \/ korisnicima koji su neophodni za ispunjenje na\u0161ih obaveza; informiramo kupce o na\u010dinu kori\u0161tenja prikupljenih podataka, redovno dajemo kupcima mogu\u0107nost izbora o upotrebi njihovih podataka, uklju\u010duju\u0107i mogu\u0107nost odluke \u017eele li ili ne da se njihovo ime ukloni sa","_links":{"self":[{"href":"https:\/\/moparking.ba\/bs\/wp-json\/wp\/v2\/pages\/1866","targetHints":{"allow":["GET"]}}],"collection":[{"href":"https:\/\/moparking.ba\/bs\/wp-json\/wp\/v2\/pages"}],"about":[{"href":"https:\/\/moparking.ba\/bs\/wp-json\/wp\/v2\/types\/page"}],"author":[{"embeddable":true,"href":"https:\/\/moparking.ba\/bs\/wp-json\/wp\/v2\/users\/1"}],"replies":[{"embeddable":true,"href":"https:\/\/moparking.ba\/bs\/wp-json\/wp\/v2\/comments?post=1866"}],"version-history":[{"count":2,"href":"https:\/\/moparking.ba\/bs\/wp-json\/wp\/v2\/pages\/1866\/revisions"}],"predecessor-version":[{"id":2238,"href":"https:\/\/moparking.ba\/bs\/wp-json\/wp\/v2\/pages\/1866\/revisions\/2238"}],"wp:attachment":[{"href":"https:\/\/moparking.ba\/bs\/wp-json\/wp\/v2\/media?parent=1866"}],"curies":[{"name":"wp","href":"https:\/\/api.w.org\/{rel}","templated":true}]}}